{"id":4383,"date":"2020-08-26T22:21:21","date_gmt":"2020-08-26T22:21:21","guid":{"rendered":"https:\/\/draptools.com\/specijalni-alati\/"},"modified":"2020-09-09T21:56:41","modified_gmt":"2020-09-09T21:56:41","slug":"sonderwerkzeuge","status":"publish","type":"page","link":"https:\/\/draptools.tachka.rs\/de\/sonderwerkzeuge\/","title":{"rendered":"Specijalni alati"},"content":{"rendered":"<p>[vc_row tm_bgcolor=&#8220;grey&#8220; tm_bgimagefixed=&#8220;&#8220; full_width=&#8220;stretch_row&#8220; content_placement=&#8220;middle&#8220; css=&#8220;.vc_custom_1598392207280{padding-bottom: 0px !important;}&#8220;][vc_column]<div class=\"tm-element-heading-wrapper tm-heading-inner tm-element-align-left tm-seperator-solid tm-heading-style-vertical  vc_custom_1599688165427\"><section class=\"tm-vc_cta3-container\"><div class=\"tm-vc_general tm-vc_cta3 tm-cta3-only tm-vc_cta3-style-classic tm-vc_cta3-shape-rounded tm-vc_cta3-align-left tm-vc_cta3-color-transparent tm-vc_cta3-icon-size-md tm-vc_cta3-actions-no tm-cta3-with-desc\"><div class=\"tm-vc_cta3_content-container\"><div class=\"tm-vc_cta3-content\"><header class=\"tm-vc_cta3-content-header tm-wrap\"><div class=\"tm-vc_cta3-headers tm-wrap-cell\"><h2 class=\"tm-custom-heading \" ><strong>Sonderwerkzeuge<\/strong><\/h2>\n<\/div><div class=\"heading-seperator\"><span><\/span><\/div><\/header><div class=\"tm-cta3-content-wrapper\"><p><strong>Projekte der Sonderwerkzeuge f\u00fcr die Automobilindustrie.<\/strong><\/p>\n<p>Wir produzieren unsere Werkzeuge in Mittel- und Kleinserien, womit wir den Forderungen an<br \/>\nhoher Qualit\u00e4t entgegenkommen wollen.<\/p><\/div><\/div><\/div><\/div><\/section><\/div> <!-- .tm-element-heading-wrapper container --> [\/vc_column][\/vc_row][vc_row tm_bgimagefixed=&#8220;true&#8220; full_width=&#8220;stretch_row&#8220; css=&#8220;.vc_custom_1599135178023{padding-top: 30px !important;padding-bottom: 140px !important;background-image: url(https:\/\/draptools.tachka.rs\/wp-content\/uploads\/2020\/08\/cover_specijalnialati.jpg?id=4064) !important;}&#8220;][vc_column][vc_row_inner css=&#8220;.vc_custom_1536731753785{margin-right: 0px !important;margin-left: 0px !important;padding-bottom: 23px !important;}&#8220;][vc_column_inner css=&#8220;.vc_custom_1537007451685{padding-right: 25px !important;padding-left: 0px !important;}&#8220; tm_responsive_css=&#8220;26774378|colbreak_no|||||||||colbreak_no||||||0px|||colbreak_no||||||||||colbreak_no|||||||||&#8220;]<div class=\"tm-element-heading-wrapper tm-heading-inner tm-element-align-left tm-seperator-solid tm-heading-style-vertical  vc_custom_1599428066352\"><section class=\"tm-vc_cta3-container\"><div class=\"tm-vc_general tm-vc_cta3 tm-cta3-only tm-vc_cta3-style-classic tm-vc_cta3-shape-rounded tm-vc_cta3-align-left tm-vc_cta3-color-transparent tm-vc_cta3-icon-size-md tm-vc_cta3-actions-no tm-cta3-without-desc\"><div class=\"tm-vc_cta3_content-container\"><div class=\"tm-vc_cta3-content\"><header class=\"tm-vc_cta3-content-header tm-wrap\"><div class=\"tm-vc_cta3-headers tm-wrap-cell\"><h2 style=\"color:#ffffff;\" class=\"tm-custom-heading \" >Werkzeuge f\u00fcr <b>Volkswagen<\/b><\/h2>\n<\/div><div class=\"heading-seperator\"><span><\/span><\/div><\/header><\/div><\/div><\/div><\/section><\/div> <!-- .tm-element-heading-wrapper container --> [\/vc_column_inner][\/vc_row_inner][vc_row_inner css=&#8220;.vc_custom_1598541712946{margin-top: -10px !important;margin-bottom: -20px !important;}&#8220;][vc_column_inner reduce_extra_padding=&#8220;991&#8243; width=&#8220;1\/3&#8243; tm_responsive_css=&#8220;26774378|colbreak_no|||||||||colbreak_no||||||0px|||colbreak_no||||||||||colbreak_no|||||||||&#8220; offset=&#8220;vc_col-xs-12&#8243;][vc_single_image image=&#8220;3987&#8243; img_size=&#8220;full&#8220; onclick=&#8220;link_image&#8220;][\/vc_column_inner][vc_column_inner reduce_extra_padding=&#8220;991&#8243; width=&#8220;1\/3&#8243; offset=&#8220;vc_col-xs-12&#8243;][vc_single_image image=&#8220;3942&#8243; img_size=&#8220;full&#8220; onclick=&#8220;link_image&#8220;][\/vc_column_inner][vc_column_inner reduce_extra_padding=&#8220;991&#8243; width=&#8220;1\/3&#8243; offset=&#8220;vc_col-xs-12&#8243;][vc_single_image image=&#8220;3936&#8243; img_size=&#8220;full&#8220; onclick=&#8220;link_image&#8220;][\/vc_column_inner][\/vc_row_inner][vc_row_inner css=&#8220;.vc_custom_1598541725554{margin-top: -20px !important;margin-bottom: -20px !important;}&#8220;][vc_column_inner reduce_extra_padding=&#8220;991&#8243; width=&#8220;1\/3&#8243; tm_responsive_css=&#8220;26774378|colbreak_no|||||||||colbreak_no||||||0px|||colbreak_no||||||||||colbreak_no|||||||||&#8220; offset=&#8220;vc_col-xs-12&#8243;][vc_single_image image=&#8220;3990&#8243; img_size=&#8220;full&#8220; onclick=&#8220;link_image&#8220;][\/vc_column_inner][vc_column_inner reduce_extra_padding=&#8220;991&#8243; width=&#8220;1\/3&#8243; offset=&#8220;vc_col-xs-12&#8243;][vc_single_image image=&#8220;3966&#8243; img_size=&#8220;full&#8220; onclick=&#8220;link_image&#8220;][\/vc_column_inner][vc_column_inner reduce_extra_padding=&#8220;991&#8243; width=&#8220;1\/3&#8243; offset=&#8220;vc_col-xs-12&#8243;][vc_single_image image=&#8220;3951&#8243; img_size=&#8220;full&#8220; onclick=&#8220;link_image&#8220;][\/vc_column_inner][\/vc_row_inner][vc_row_inner css=&#8220;.vc_custom_1598541735985{margin-top: -20px !important;margin-bottom: -20px !important;}&#8220;][vc_column_inner reduce_extra_padding=&#8220;991&#8243; width=&#8220;1\/3&#8243; tm_responsive_css=&#8220;26774378|colbreak_no|||||||||colbreak_no||||||0px|||colbreak_no||||||||||colbreak_no|||||||||&#8220; offset=&#8220;vc_col-xs-12&#8243;][vc_single_image image=&#8220;3948&#8243; img_size=&#8220;full&#8220; onclick=&#8220;link_image&#8220;][\/vc_column_inner][vc_column_inner reduce_extra_padding=&#8220;991&#8243; width=&#8220;1\/3&#8243; offset=&#8220;vc_col-xs-12&#8243;][vc_single_image image=&#8220;3945&#8243; img_size=&#8220;full&#8220; alignment=&#8220;center&#8220; onclick=&#8220;link_image&#8220;][\/vc_column_inner][vc_column_inner reduce_extra_padding=&#8220;991&#8243; width=&#8220;1\/3&#8243; offset=&#8220;vc_col-xs-12&#8243;][vc_single_image image=&#8220;3960&#8243; img_size=&#8220;full&#8220; onclick=&#8220;link_image&#8220;][\/vc_column_inner][\/vc_row_inner][\/vc_column][\/vc_row]<\/p>\n","protected":false},"excerpt":{"rendered":"<p>[vc_row tm_bgcolor=&#8220;grey&#8220; tm_bgimagefixed=&#8220;&#8220; full_width=&#8220;stretch_row&#8220; content_placement=&#8220;middle&#8220; css=&#8220;.vc_custom_1598392207280{padding-bottom: 0px !important;}&#8220;][vc_column][\/vc_column][\/vc_row][vc_row tm_bgimagefixed=&#8220;true&#8220; full_width=&#8220;stretch_row&#8220; css=&#8220;.vc_custom_1599135178023{padding-top: 30px !important;padding-bottom: 140px !important;background-image: url(https:\/\/draptools.tachka.rs\/wp-content\/uploads\/2020\/08\/cover_specijalnialati.jpg?id=4064) !important;}&#8220;][vc_column][vc_row_inner css=&#8220;.vc_custom_1536731753785{margin-right: 0px !important;margin-left: 0px !important;padding-bottom: 23px !important;}&#8220;][vc_column_inner css=&#8220;.vc_custom_1537007451685{padding-right: 25px !important;padding-left: 0px !important;}&#8220; tm_responsive_css=&#8220;26774378|colbreak_no|||||||||colbreak_no||||||0px|||colbreak_no||||||||||colbreak_no|||||||||&#8220;][\/vc_column_inner][\/vc_row_inner][vc_row_inner css=&#8220;.vc_custom_1598541712946{margin-top: -10px !important;margin-bottom: -20px !important;}&#8220;][vc_column_inner reduce_extra_padding=&#8220;991&#8243; width=&#8220;1\/3&#8243; tm_responsive_css=&#8220;26774378|colbreak_no|||||||||colbreak_no||||||0px|||colbreak_no||||||||||colbreak_no|||||||||&#8220; offset=&#8220;vc_col-xs-12&#8243;][vc_single_image image=&#8220;3987&#8243; img_size=&#8220;full&#8220; onclick=&#8220;link_image&#8220;][\/vc_column_inner][vc_column_inner reduce_extra_padding=&#8220;991&#8243; width=&#8220;1\/3&#8243; offset=&#8220;vc_col-xs-12&#8243;][vc_single_image image=&#8220;3942&#8243; img_size=&#8220;full&#8220; onclick=&#8220;link_image&#8220;][\/vc_column_inner][vc_column_inner reduce_extra_padding=&#8220;991&#8243; width=&#8220;1\/3&#8243; offset=&#8220;vc_col-xs-12&#8243;][vc_single_image image=&#8220;3936&#8243; img_size=&#8220;full&#8220; onclick=&#8220;link_image&#8220;][\/vc_column_inner][\/vc_row_inner][vc_row_inner css=&#8220;.vc_custom_1598541725554{margin-top: &hellip; <a href=\"https:\/\/draptools.tachka.rs\/de\/sonderwerkzeuge\/\" class=\"more-link\">Continue reading <span class=\"screen-reader-text\">Specijalni alati<\/span><\/a><\/p>\n","protected":false},"author":1,"featured_media":0,"parent":0,"menu_order":8,"comment_status":"closed","ping_status":"closed","template":"","meta":{"footnotes":""},"yoast_head":"<!-- This site is optimized with the Yoast SEO plugin v15.6.2 - https:\/\/yoast.com\/wordpress\/plugins\/seo\/ -->\n<title>DRAP tools - Preciznost. Sigurnost. Pouzdanost.<\/title>\n<meta name=\"description\" content=\"Alati i specijalni alati koje izra\u0111ujemo primenjuju se u automobilskoj, ra\u010dunarskoj, metaloprera\u0111iva\u010dkoj, farmaceutskoj i hemijskoj industriji.\" \/>\n<meta name=\"robots\" content=\"index, follow, max-snippet:-1, max-image-preview:large, max-video-preview:-1\" \/>\n<link rel=\"canonical\" href=\"https:\/\/draptools.tachka.rs\/de\/sonderwerkzeuge\/\" \/>\n<meta property=\"og:locale\" content=\"de_DE\" \/>\n<meta property=\"og:type\" content=\"article\" \/>\n<meta property=\"og:title\" content=\"DRAP tools - Preciznost. Sigurnost. Pouzdanost.\" \/>\n<meta property=\"og:description\" content=\"Alati i specijalni alati koje izra\u0111ujemo primenjuju se u automobilskoj, ra\u010dunarskoj, metaloprera\u0111iva\u010dkoj, farmaceutskoj i hemijskoj industriji.\" \/>\n<meta property=\"og:url\" content=\"https:\/\/draptools.tachka.rs\/de\/sonderwerkzeuge\/\" \/>\n<meta property=\"og:site_name\" content=\"DRAP tools\" \/>\n<meta property=\"article:modified_time\" content=\"2020-09-09T21:56:41+00:00\" \/>\n<meta name=\"twitter:card\" content=\"summary_large_image\" \/>\n<meta name=\"twitter:label1\" content=\"Gesch\u00e4tzte Lesezeit\">\n\t<meta name=\"twitter:data1\" content=\"2\u00a0Minuten\">\n<script type=\"application\/ld+json\" class=\"yoast-schema-graph\">{\"@context\":\"https:\/\/schema.org\",\"@graph\":[{\"@type\":\"Organization\",\"@id\":\"https:\/\/draptools.tachka.rs\/#organization\",\"name\":\"DRAP tools\",\"url\":\"https:\/\/draptools.tachka.rs\/\",\"sameAs\":[],\"logo\":{\"@type\":\"ImageObject\",\"@id\":\"https:\/\/draptools.tachka.rs\/#logo\",\"inLanguage\":\"de\",\"url\":\"https:\/\/draptools.tachka.rs\/wp-content\/uploads\/2020\/08\/logo_bez_alata.png\",\"width\":983,\"height\":343,\"caption\":\"DRAP tools\"},\"image\":{\"@id\":\"https:\/\/draptools.tachka.rs\/#logo\"}},{\"@type\":\"WebSite\",\"@id\":\"https:\/\/draptools.tachka.rs\/#website\",\"url\":\"https:\/\/draptools.tachka.rs\/\",\"name\":\"DRAP tools\",\"description\":\"Specialized tools\",\"publisher\":{\"@id\":\"https:\/\/draptools.tachka.rs\/#organization\"},\"potentialAction\":[{\"@type\":\"SearchAction\",\"target\":\"https:\/\/draptools.tachka.rs\/?s={search_term_string}\",\"query-input\":\"required name=search_term_string\"}],\"inLanguage\":\"de\"},{\"@type\":\"WebPage\",\"@id\":\"https:\/\/draptools.tachka.rs\/de\/sonderwerkzeuge\/#webpage\",\"url\":\"https:\/\/draptools.tachka.rs\/de\/sonderwerkzeuge\/\",\"name\":\"DRAP tools - Preciznost. Sigurnost. Pouzdanost.\",\"isPartOf\":{\"@id\":\"https:\/\/draptools.tachka.rs\/#website\"},\"datePublished\":\"2020-08-26T22:21:21+00:00\",\"dateModified\":\"2020-09-09T21:56:41+00:00\",\"description\":\"Alati i specijalni alati koje izra\\u0111ujemo primenjuju se u automobilskoj, ra\\u010dunarskoj, metaloprera\\u0111iva\\u010dkoj, farmaceutskoj i hemijskoj industriji.\",\"inLanguage\":\"de\",\"potentialAction\":[{\"@type\":\"ReadAction\",\"target\":[\"https:\/\/draptools.tachka.rs\/de\/sonderwerkzeuge\/\"]}]}]}<\/script>\n<!-- \/ Yoast SEO plugin. -->","_links":{"self":[{"href":"https:\/\/draptools.tachka.rs\/de\/wp-json\/wp\/v2\/pages\/4383\/"}],"collection":[{"href":"https:\/\/draptools.tachka.rs\/de\/wp-json\/wp\/v2\/pages\/"}],"about":[{"href":"https:\/\/draptools.tachka.rs\/de\/wp-json\/wp\/v2\/types\/page\/"}],"author":[{"embeddable":true,"href":"https:\/\/draptools.tachka.rs\/de\/wp-json\/wp\/v2\/users\/1\/"}],"replies":[{"embeddable":true,"href":"https:\/\/draptools.tachka.rs\/de\/wp-json\/wp\/v2\/comments\/?post=4383"}],"version-history":[{"count":4,"href":"https:\/\/draptools.tachka.rs\/de\/wp-json\/wp\/v2\/pages\/4383\/revisions\/"}],"predecessor-version":[{"id":4446,"href":"https:\/\/draptools.tachka.rs\/de\/wp-json\/wp\/v2\/pages\/4383\/revisions\/4446\/"}],"wp:attachment":[{"href":"https:\/\/draptools.tachka.rs\/de\/wp-json\/wp\/v2\/media\/?parent=4383"}],"curies":[{"name":"wp","href":"https:\/\/api.w.org\/{rel}","templated":true}]}}