{"id":4382,"date":"2020-08-25T21:34:55","date_gmt":"2020-08-25T21:34:55","guid":{"rendered":"https:\/\/draptools.com\/nasi-proizvodi\/"},"modified":"2020-09-09T21:55:20","modified_gmt":"2020-09-09T21:55:20","slug":"unsere-produkte","status":"publish","type":"page","link":"https:\/\/draptools.tachka.rs\/de\/unsere-produkte\/","title":{"rendered":"Na\u0161i proizvodi"},"content":{"rendered":"<p>[vc_row tm_bgcolor=&#8220;grey&#8220; tm_bgimagefixed=&#8220;&#8220; full_width=&#8220;stretch_row&#8220; content_placement=&#8220;middle&#8220; css=&#8220;.vc_custom_1598547009642{padding-bottom: 0px !important;}&#8220; tm_responsive_css=&#8220;19508428|colbreak_no|||||||||colbreak_no|||||||||colbreak_no|-100px|||||||||colbreak_no|||||||||&#8220;][vc_column]<div class=\"tm-element-heading-wrapper tm-heading-inner tm-element-align-left tm-seperator-solid tm-heading-style-vertical  vc_custom_1599688344093\"><section class=\"tm-vc_cta3-container\"><div class=\"tm-vc_general tm-vc_cta3 tm-cta3-only tm-vc_cta3-style-classic tm-vc_cta3-shape-rounded tm-vc_cta3-align-left tm-vc_cta3-color-transparent tm-vc_cta3-icon-size-md tm-vc_cta3-actions-no tm-cta3-with-desc\"><div class=\"tm-vc_cta3_content-container\"><div class=\"tm-vc_cta3-content\"><header class=\"tm-vc_cta3-content-header tm-wrap\"><div class=\"tm-vc_cta3-headers tm-wrap-cell\"><h2 class=\"tm-custom-heading \" ><strong>Unsere Produkte<\/strong><\/h2>\n<\/div><div class=\"heading-seperator\"><span><\/span><\/div><\/header><div class=\"tm-cta3-content-wrapper\"><p><strong>Projekte unserer Produkte f\u00fcr die Elektro-, Chemie-, Pharma- und Metallverarbeitungsindustrie.<\/strong><\/p>\n<p><span style=\"font-weight: 400;\">Wir stellen Werkzeuge dem Bedarf des Kunden entsprechend her: stanzen, blasformen, spritzgie\u00dfen, pressen.<\/span><\/p>\n<p><span style=\"font-weight: 400;\">Einige von unseren Produkten f\u00fcr die Elektroindustrie sind:<\/span> <span style=\"font-weight: 400;\">Klemmen,<\/span> <span style=\"font-weight: 400;\">Abzweigdosen,<\/span> <span style=\"font-weight: 400;\">Isolationskappen,<\/span> <span style=\"font-weight: 400;\">Magnetkeilen, Klembretter f\u00fcr Elektromotoren,<\/span> <span style=\"font-weight: 400;\">Sammelschienen, Fahrdrahtklemmen.<\/span><\/p><\/div><\/div><\/div><\/div><\/section><\/div> <!-- .tm-element-heading-wrapper container --> [\/vc_column][\/vc_row][vc_row tm_bgcolor=&#8220;grey&#8220; tm_bgimagefixed=&#8220;&#8220; full_width=&#8220;stretch_row&#8220; content_placement=&#8220;middle&#8220; css=&#8220;.vc_custom_1598546576668{margin-top: -40px !important;}&#8220; tm_responsive_css=&#8220;92352117|colbreak_no|||||||||colbreak_no|||||||||colbreak_no|-80px|||||||||colbreak_no|||||||||&#8220;][vc_column width=&#8220;1\/3&#8243;][vc_single_image image=&#8220;3896&#8243; img_size=&#8220;full&#8220; alignment=&#8220;center&#8220;][\/vc_column][vc_column width=&#8220;1\/3&#8243;][vc_single_image image=&#8220;3899&#8243; img_size=&#8220;full&#8220; alignment=&#8220;center&#8220;][\/vc_column][vc_column width=&#8220;1\/3&#8243;][vc_single_image image=&#8220;3902&#8243; img_size=&#8220;full&#8220; alignment=&#8220;center&#8220;][\/vc_column][\/vc_row][vc_row tm_bgcolor=&#8220;skincolor&#8220; tm_bgimagefixed=&#8220;&#8220; full_width=&#8220;stretch_row&#8220; css=&#8220;.vc_custom_1598547161961{padding-top: 50px !important;padding-bottom: 140px !important;}&#8220;][vc_column offset=&#8220;vc_hidden-xs&#8220;][vc_row_inner css=&#8220;.vc_custom_1536731753785{margin-right: 0px !important;margin-left: 0px !important;padding-bottom: 23px !important;}&#8220;][vc_column_inner css=&#8220;.vc_custom_1598543202591{padding-right: 25px !important;padding-left: 0px !important;}&#8220; tm_responsive_css=&#8220;26774378|colbreak_no|||||||||colbreak_no||||||0px|||colbreak_no||||||||||colbreak_no|||||||||&#8220; offset=&#8220;vc_hidden-xs&#8220;]<div class=\"tm-element-heading-wrapper tm-heading-inner tm-element-align-left tm-seperator-solid tm-heading-style-vertical  vc_custom_1599688378589\"><section class=\"tm-vc_cta3-container\"><div class=\"tm-vc_general tm-vc_cta3 tm-cta3-only tm-vc_cta3-style-classic tm-vc_cta3-shape-rounded tm-vc_cta3-align-left tm-vc_cta3-color-transparent tm-vc_cta3-icon-size-md tm-vc_cta3-actions-no tm-cta3-without-desc\"><div class=\"tm-vc_cta3_content-container\"><div class=\"tm-vc_cta3-content\"><header class=\"tm-vc_cta3-content-header tm-wrap\"><div class=\"tm-vc_cta3-headers tm-wrap-cell\"><h2 class=\"tm-custom-heading \" >Mehr als <b>33.000.000<\/b> hergestellter Waren<\/h2>\n<\/div><div class=\"heading-seperator\"><span><\/span><\/div><\/header><\/div><\/div><\/div><\/section><\/div> <!-- .tm-element-heading-wrapper container --> [\/vc_column_inner][\/vc_row_inner][\/vc_column][\/vc_row][vc_row tm_bgcolor=&#8220;white&#8220; tm_bgimagefixed=&#8220;&#8220; tm_shadow=&#8220;yes&#8220; css=&#8220;.vc_custom_1598547254447{margin-top: -150px !important;margin-bottom: 100px !important;padding-top: -100px !important;background-position: 0 0 !important;background-repeat: repeat !important;}&#8220; tm_responsive_css=&#8220;55376153|colbreak_no|||||||||colbreak_no|||||||||colbreak_no||||||||||colbreak_no|||||||||&#8220;][vc_column width=&#8220;1\/3&#8243; css=&#8220;.vc_custom_1598547287465{margin-top: -70px !important;padding-right: 10px !important;padding-left: 10px !important;}&#8220; offset=&#8220;vc_hidden-xs&#8220;]<h3 style=\"text-align:center;color:#f5821f;\" class=\"tm-custom-heading \" >Vulkanisation<\/h3>\n[vc_separator][vc_gallery type=&#8220;flexslider_slide&#8220; interval=&#8220;3&#8243; images=&#8220;3908,3969,3939&#8243; img_size=&#8220;medium&#8220; onclick=&#8220;&#8220; css=&#8220;.vc_custom_1598565016709{border-right-width: 40px !important;padding-left: 40px !important;border-right-color: #f5821f !important;}&#8220;][\/vc_column][vc_column width=&#8220;1\/3&#8243; css=&#8220;.vc_custom_1598547309766{margin-top: -70px !important;padding-right: 10px !important;padding-left: 10px !important;}&#8220; offset=&#8220;vc_hidden-xs&#8220;]<h3 style=\"text-align:center;color:#f5821f;\" class=\"tm-custom-heading \" >Rohrartige Halbfabrikate<\/h3>\n[vc_separator][vc_gallery type=&#8220;flexslider_slide&#8220; interval=&#8220;3&#8243; images=&#8220;3972,3981,3957,3975&#8243; img_size=&#8220;medium&#8220; onclick=&#8220;&#8220; css=&#8220;.vc_custom_1598565040363{border-right-width: 40px !important;padding-left: 40px !important;border-right-color: #f5821f !important;}&#8220;][\/vc_column][vc_column width=&#8220;1\/3&#8243; css=&#8220;.vc_custom_1598547324106{margin-top: -70px !important;padding-right: 10px !important;padding-left: 10px !important;}&#8220; offset=&#8220;vc_hidden-xs&#8220;]<h3 style=\"text-align:center;color:#f5821f;\" class=\"tm-custom-heading \" >Andere Produkte<\/h3>\n[vc_separator][vc_gallery type=&#8220;flexslider_slide&#8220; interval=&#8220;3&#8243; images=&#8220;4007,4004&#8243; img_size=&#8220;medium&#8220; onclick=&#8220;&#8220; css=&#8220;.vc_custom_1598565055730{border-right-width: 40px !important;padding-left: 40px !important;border-right-color: #f5821f !important;}&#8220;][\/vc_column][\/vc_row][vc_row tm_bgcolor=&#8220;grey&#8220; tm_bgimagefixed=&#8220;&#8220; break_in_responsive=&#8220;991&#8243; tm_responsive_css=&#8220;89874675|colbreak_no|||||||||colbreak_no|||||||||colbreak_no|-350px|||||||||colbreak_no|||||||||&#8220; css=&#8220;.vc_custom_1598564510920{padding-top: 30px !important;padding-bottom: 30px !important;}&#8220; el_class=&#8220;donji_red&#8220;][vc_column tm_textcolor=&#8220;white&#8220; reduce_extra_padding=&#8220;991&#8243; offset=&#8220;vc_hidden-lg vc_hidden-md vc_hidden-sm vc_col-xs-12&#8243; css=&#8220;.vc_custom_1598549430312{padding-top: 30px !important;background-color: #f5821f !important;}&#8220;]<div class=\"tm-element-heading-wrapper tm-heading-inner tm-element-align-left tm-seperator-solid tm-heading-style-vertical  vc_custom_1599688453406\"><section class=\"tm-vc_cta3-container\"><div class=\"tm-vc_general tm-vc_cta3 tm-cta3-only tm-vc_cta3-style-classic tm-vc_cta3-shape-rounded tm-vc_cta3-align-left tm-vc_cta3-color-transparent tm-vc_cta3-icon-size-md tm-vc_cta3-actions-no tm-cta3-without-desc\"><div class=\"tm-vc_cta3_content-container\"><div class=\"tm-vc_cta3-content\"><header class=\"tm-vc_cta3-content-header tm-wrap\"><div class=\"tm-vc_cta3-headers tm-wrap-cell\"><h2 style=\"color:#ffffff;\" class=\"tm-custom-heading \" >Mehr als<br \/>\n<b>33 000 000<\/b> hergestellter Waren<\/h2>\n<\/div><div class=\"heading-seperator\"><span><\/span><\/div><\/header><\/div><\/div><\/div><\/section><\/div> <!-- .tm-element-heading-wrapper container --> [\/vc_column][\/vc_row][vc_row tm_bgcolor=&#8220;white&#8220; tm_bgimagefixed=&#8220;&#8220; tm_shadow=&#8220;yes&#8220; css=&#8220;.vc_custom_1598564946035{margin-top: -70px !important;background-position: 0 0 !important;background-repeat: repeat !important;}&#8220; tm_responsive_css=&#8220;55376153|colbreak_no|||||||||colbreak_no|||||||||colbreak_no||||||||||colbreak_no|||||||||&#8220; el_class=&#8220;donji_red&#8220;][vc_column reduce_extra_padding=&#8220;991&#8243; width=&#8220;1\/3&#8243; offset=&#8220;vc_hidden-lg vc_hidden-md vc_hidden-sm vc_col-xs-12&#8243; css=&#8220;.vc_custom_1598549413527{margin-bottom: 50px !important;}&#8220; tm_responsive_css=&#8220;56484868|colbreak_no|||||||||colbreak_no|||||||||colbreak_no|-50px|||||||||colbreak_no|||||||||&#8220;][vc_separator]<h3 style=\"text-align:center;color:#f5821f;\" class=\"tm-custom-heading \" >Vulkanisation<\/h3>\n[vc_gallery type=&#8220;flexslider_slide&#8220; interval=&#8220;3&#8243; images=&#8220;3908,3969,3939&#8243; img_size=&#8220;medium&#8220; css=&#8220;.vc_custom_1598480344219{border-right-width: 40px !important;padding-left: 40px !important;border-right-color: #f5821f !important;}&#8220;][\/vc_column][vc_column reduce_extra_padding=&#8220;991&#8243; width=&#8220;1\/3&#8243; offset=&#8220;vc_hidden-lg vc_hidden-md vc_hidden-sm vc_col-xs-12&#8243; tm_responsive_css=&#8220;30078560|colbreak_no|-||||||||colbreak_no|||||||||colbreak_no||||||||||colbreak_no|||||||||&#8220; css=&#8220;.vc_custom_1598564246053{margin-bottom: 50px !important;}&#8220;][vc_separator]<h3 style=\"text-align:center;color:#f5821f;\" class=\"tm-custom-heading \" >Rohrartige Halbfabrikate<\/h3>\n[vc_gallery type=&#8220;flexslider_slide&#8220; interval=&#8220;3&#8243; images=&#8220;3972,3981,3957,3975&#8243; img_size=&#8220;medium&#8220; css=&#8220;.vc_custom_1598543482904{border-right-width: 40px !important;padding-left: 40px !important;border-right-color: #f5821f !important;}&#8220;][\/vc_column][vc_column reduce_extra_padding=&#8220;991&#8243; width=&#8220;1\/3&#8243; offset=&#8220;vc_hidden-lg vc_hidden-md vc_hidden-sm vc_col-xs-12&#8243; css=&#8220;.vc_custom_1598549107472{margin-bottom: 50px !important;}&#8220;][vc_separator]<h3 style=\"text-align:center;color:#f5821f;\" class=\"tm-custom-heading \" >Andere Produkte<\/h3>\n[vc_gallery type=&#8220;flexslider_slide&#8220; interval=&#8220;3&#8243; images=&#8220;4007,4004&#8243; img_size=&#8220;medium&#8220; css=&#8220;.vc_custom_1598543508728{border-right-width: 40px !important;padding-left: 40px !important;border-right-color: #f5821f !important;}&#8220;][\/vc_column][\/vc_row]<\/p>\n","protected":false},"excerpt":{"rendered":"<p>[vc_row tm_bgcolor=&#8220;grey&#8220; tm_bgimagefixed=&#8220;&#8220; full_width=&#8220;stretch_row&#8220; content_placement=&#8220;middle&#8220; css=&#8220;.vc_custom_1598547009642{padding-bottom: 0px !important;}&#8220; tm_responsive_css=&#8220;19508428|colbreak_no|||||||||colbreak_no|||||||||colbreak_no|-100px|||||||||colbreak_no|||||||||&#8220;][vc_column][\/vc_column][\/vc_row][vc_row tm_bgcolor=&#8220;grey&#8220; tm_bgimagefixed=&#8220;&#8220; full_width=&#8220;stretch_row&#8220; content_placement=&#8220;middle&#8220; css=&#8220;.vc_custom_1598546576668{margin-top: -40px !important;}&#8220; tm_responsive_css=&#8220;92352117|colbreak_no|||||||||colbreak_no|||||||||colbreak_no|-80px|||||||||colbreak_no|||||||||&#8220;][vc_column width=&#8220;1\/3&#8243;][vc_single_image image=&#8220;3896&#8243; img_size=&#8220;full&#8220; alignment=&#8220;center&#8220;][\/vc_column][vc_column width=&#8220;1\/3&#8243;][vc_single_image image=&#8220;3899&#8243; img_size=&#8220;full&#8220; alignment=&#8220;center&#8220;][\/vc_column][vc_column width=&#8220;1\/3&#8243;][vc_single_image image=&#8220;3902&#8243; img_size=&#8220;full&#8220; alignment=&#8220;center&#8220;][\/vc_column][\/vc_row][vc_row tm_bgcolor=&#8220;skincolor&#8220; tm_bgimagefixed=&#8220;&#8220; full_width=&#8220;stretch_row&#8220; css=&#8220;.vc_custom_1598547161961{padding-top: 50px !important;padding-bottom: 140px !important;}&#8220;][vc_column offset=&#8220;vc_hidden-xs&#8220;][vc_row_inner css=&#8220;.vc_custom_1536731753785{margin-right: 0px !important;margin-left: 0px !important;padding-bottom: 23px !important;}&#8220;][vc_column_inner css=&#8220;.vc_custom_1598543202591{padding-right: 25px !important;padding-left: 0px !important;}&#8220; tm_responsive_css=&#8220;26774378|colbreak_no|||||||||colbreak_no||||||0px|||colbreak_no||||||||||colbreak_no|||||||||&#8220; offset=&#8220;vc_hidden-xs&#8220;][\/vc_column_inner][\/vc_row_inner][\/vc_column][\/vc_row][vc_row tm_bgcolor=&#8220;white&#8220; tm_bgimagefixed=&#8220;&#8220; tm_shadow=&#8220;yes&#8220; &hellip; <a href=\"https:\/\/draptools.tachka.rs\/de\/unsere-produkte\/\" class=\"more-link\">Continue reading <span class=\"screen-reader-text\">Na\u0161i proizvodi<\/span><\/a><\/p>\n","protected":false},"author":1,"featured_media":0,"parent":0,"menu_order":8,"comment_status":"closed","ping_status":"closed","template":"","meta":{"footnotes":""},"yoast_head":"<!-- This site is optimized with the Yoast SEO plugin v15.6.2 - https:\/\/yoast.com\/wordpress\/plugins\/seo\/ -->\n<title>DRAP tools - Preciznost. Sigurnost. Pouzdanost.<\/title>\n<meta name=\"description\" content=\"Alati i specijalni alati koje izra\u0111ujemo primenjuju se u automobilskoj, ra\u010dunarskoj, metaloprera\u0111iva\u010dkoj, farmaceutskoj i hemijskoj industriji.\" \/>\n<meta name=\"robots\" content=\"index, follow, max-snippet:-1, max-image-preview:large, max-video-preview:-1\" \/>\n<link rel=\"canonical\" href=\"https:\/\/draptools.tachka.rs\/de\/unsere-produkte\/\" \/>\n<meta property=\"og:locale\" content=\"de_DE\" \/>\n<meta property=\"og:type\" content=\"article\" \/>\n<meta property=\"og:title\" content=\"DRAP tools - Preciznost. Sigurnost. Pouzdanost.\" \/>\n<meta property=\"og:description\" content=\"Alati i specijalni alati koje izra\u0111ujemo primenjuju se u automobilskoj, ra\u010dunarskoj, metaloprera\u0111iva\u010dkoj, farmaceutskoj i hemijskoj industriji.\" \/>\n<meta property=\"og:url\" content=\"https:\/\/draptools.tachka.rs\/de\/unsere-produkte\/\" \/>\n<meta property=\"og:site_name\" content=\"DRAP tools\" \/>\n<meta property=\"article:modified_time\" content=\"2020-09-09T21:55:20+00:00\" \/>\n<meta name=\"twitter:card\" content=\"summary_large_image\" \/>\n<meta name=\"twitter:label1\" content=\"Gesch\u00e4tzte Lesezeit\">\n\t<meta name=\"twitter:data1\" content=\"4\u00a0Minuten\">\n<script type=\"application\/ld+json\" class=\"yoast-schema-graph\">{\"@context\":\"https:\/\/schema.org\",\"@graph\":[{\"@type\":\"Organization\",\"@id\":\"https:\/\/draptools.tachka.rs\/#organization\",\"name\":\"DRAP tools\",\"url\":\"https:\/\/draptools.tachka.rs\/\",\"sameAs\":[],\"logo\":{\"@type\":\"ImageObject\",\"@id\":\"https:\/\/draptools.tachka.rs\/#logo\",\"inLanguage\":\"de\",\"url\":\"https:\/\/draptools.tachka.rs\/wp-content\/uploads\/2020\/08\/logo_bez_alata.png\",\"width\":983,\"height\":343,\"caption\":\"DRAP tools\"},\"image\":{\"@id\":\"https:\/\/draptools.tachka.rs\/#logo\"}},{\"@type\":\"WebSite\",\"@id\":\"https:\/\/draptools.tachka.rs\/#website\",\"url\":\"https:\/\/draptools.tachka.rs\/\",\"name\":\"DRAP tools\",\"description\":\"Specialized tools\",\"publisher\":{\"@id\":\"https:\/\/draptools.tachka.rs\/#organization\"},\"potentialAction\":[{\"@type\":\"SearchAction\",\"target\":\"https:\/\/draptools.tachka.rs\/?s={search_term_string}\",\"query-input\":\"required name=search_term_string\"}],\"inLanguage\":\"de\"},{\"@type\":\"WebPage\",\"@id\":\"https:\/\/draptools.tachka.rs\/de\/unsere-produkte\/#webpage\",\"url\":\"https:\/\/draptools.tachka.rs\/de\/unsere-produkte\/\",\"name\":\"DRAP tools - Preciznost. Sigurnost. Pouzdanost.\",\"isPartOf\":{\"@id\":\"https:\/\/draptools.tachka.rs\/#website\"},\"datePublished\":\"2020-08-25T21:34:55+00:00\",\"dateModified\":\"2020-09-09T21:55:20+00:00\",\"description\":\"Alati i specijalni alati koje izra\\u0111ujemo primenjuju se u automobilskoj, ra\\u010dunarskoj, metaloprera\\u0111iva\\u010dkoj, farmaceutskoj i hemijskoj industriji.\",\"inLanguage\":\"de\",\"potentialAction\":[{\"@type\":\"ReadAction\",\"target\":[\"https:\/\/draptools.tachka.rs\/de\/unsere-produkte\/\"]}]}]}<\/script>\n<!-- \/ Yoast SEO plugin. -->","_links":{"self":[{"href":"https:\/\/draptools.tachka.rs\/de\/wp-json\/wp\/v2\/pages\/4382\/"}],"collection":[{"href":"https:\/\/draptools.tachka.rs\/de\/wp-json\/wp\/v2\/pages\/"}],"about":[{"href":"https:\/\/draptools.tachka.rs\/de\/wp-json\/wp\/v2\/types\/page\/"}],"author":[{"embeddable":true,"href":"https:\/\/draptools.tachka.rs\/de\/wp-json\/wp\/v2\/users\/1\/"}],"replies":[{"embeddable":true,"href":"https:\/\/draptools.tachka.rs\/de\/wp-json\/wp\/v2\/comments\/?post=4382"}],"version-history":[{"count":5,"href":"https:\/\/draptools.tachka.rs\/de\/wp-json\/wp\/v2\/pages\/4382\/revisions\/"}],"predecessor-version":[{"id":4447,"href":"https:\/\/draptools.tachka.rs\/de\/wp-json\/wp\/v2\/pages\/4382\/revisions\/4447\/"}],"wp:attachment":[{"href":"https:\/\/draptools.tachka.rs\/de\/wp-json\/wp\/v2\/media\/?parent=4382"}],"curies":[{"name":"wp","href":"https:\/\/api.w.org\/{rel}","templated":true}]}}